{"id":4987,"date":"2021-12-27T06:31:17","date_gmt":"2021-12-27T06:31:17","guid":{"rendered":"https:\/\/www.gynistivfclinic.com\/?page_id=4987"},"modified":"2021-12-27T06:32:51","modified_gmt":"2021-12-27T06:32:51","slug":"%d8%a7%d8%aa%d8%b5%d9%84-%d8%a8%d9%86%d8%a7","status":"publish","type":"page","link":"https:\/\/www.gynistivfclinic.com\/ar\/%d8%a7%d8%aa%d8%b5%d9%84-%d8%a8%d9%86%d8%a7\/","title":{"rendered":"\u0627\u062a\u0635\u0644 \u0628\u0646\u0627"},"content":{"rendered":"<p>[vc_row tm_bgimagefixed=&#8221;&#8221; break_in_responsive=&#8221;991&#8243; css=&#8221;.vc_custom_1608622755794{margin-top: 7px !important;padding-top: 0px !important;}&#8221; tm_responsive_css=&#8221;70926455|colbreak_no|||||0 px||||colbreak_no|||||||50px||colbreak_no|-50px|||||||||colbreak_no|||||||||&#8221;][vc_column width=&#8221;2\/3&#8243; css=&#8221;.vc_custom_1548138798730{padding-right: 43px !important;}&#8221; tm_responsive_css=&#8221;94201578|colbreak_no|||||||||colbreak_no||||||15px|25px||colbreak_no||||||||||colbreak_no|||||||||&#8221;]<h2 style=\"text-align:left;font-size:35px;line-height:48px;\" class=\"tm-custom-heading \" >\u0645\u0631\u0627\u0633\u0644\u062a\u0646\u0627 \u0639\u0644\u0649 \u0627\u0644\u0628\u0631\u064a\u062f \u0627\u0644\u0627\u0644\u064a\u0643\u062a\u0631\u0648\u0646\u064a<\/h2>\n[vc_column_text]\u0646\u0642\u062f\u0645 \u0627\u0633\u062a\u0634\u0627\u0631\u0629 \u0645\u062c\u0627\u0646\u064a\u0629 \u0645\u0639 \u0637\u0628\u064a\u0628\u0646\u0627 \u0627\u0644\u0645\u062a\u062e\u0635\u0635 \u062d\u062a\u0649 \u062a\u062a\u0645\u0643\u0646 \u0645\u0646 \u0645\u0639\u0631\u0641\u0629 \u0627\u0644\u0645\u0632\u064a\u062f \u0639\u0646 \u0627\u0644\u062e\u062f\u0645\u0627\u062a \u0627\u0644\u062a\u064a \u0646\u0642\u062f\u0645\u0647\u0627 \u0648\u0643\u064a\u0641 \u064a\u0645\u0643\u0646\u0646\u0627 \u0645\u0633\u0627\u0639\u062f\u062a\u0643.[\/vc_column_text][vc_row_inner][vc_column_inner css=&#8221;.vc_custom_1548139361071{padding-top: 31px !important;}&#8221; tm_responsive_css=&#8221;54858443|colbreak_no|||||||||colbreak_no|||||||||colbreak_no|||||15px|||||colbreak_no|||||||||&#8221;]\n<div class=\"wpcf7 no-js\" id=\"wpcf7-f4979-o1\" lang=\"en-US\" dir=\"ltr\">\n<div class=\"screen-reader-response\"><p role=\"status\" aria-live=\"polite\" aria-atomic=\"true\"><\/p> <ul><\/ul><\/div>\n<form action=\"\/ar\/wp-json\/wp\/v2\/pages\/4987#wpcf7-f4979-o1\" method=\"post\" class=\"wpcf7-form init\" aria-label=\"Contact form\" novalidate=\"novalidate\" data-status=\"init\">\n<div style=\"display: none;\">\n<input type=\"hidden\" name=\"_wpcf7\" value=\"4979\" \/>\n<input type=\"hidden\" name=\"_wpcf7_version\" value=\"5.8.6\" \/>\n<input type=\"hidden\" name=\"_wpcf7_locale\" value=\"en_US\" \/>\n<input type=\"hidden\" name=\"_wpcf7_unit_tag\" value=\"wpcf7-f4979-o1\" \/>\n<input type=\"hidden\" name=\"_wpcf7_container_post\" value=\"0\" \/>\n<input type=\"hidden\" name=\"_wpcf7_posted_data_hash\" value=\"\" \/>\n<\/div>\n<div class=\"tm-commonform tm-contactpage-form\">\n\t<div class=\"row\">\n\t\t<div class=\"col-md-6\">\n\t\t\t<p><label>\u062f \u0633\u064a\u062f *<\/label><span class=\"wpcf7-form-control-wrap\" data-name=\"your-name\"><input size=\"40\" class=\"wpcf7-form-control wpcf7-text wpcf7-validates-as-required\" aria-required=\"true\" aria-invalid=\"false\" value=\"\" type=\"text\" name=\"your-name\" \/><\/span>\n\t\t\t<\/p>\n\t\t<\/div>\n\t\t<div class=\"col-md-6\">\n\t\t\t<p><label>\u0628\u0631\u064a\u062f\u0643 \u0627\u0644\u0627\u0644\u0643\u062a\u0631\u0648\u0646\u064a *<\/label><span class=\"wpcf7-form-control-wrap\" data-name=\"your-email\"><input size=\"40\" class=\"wpcf7-form-control wpcf7-email wpcf7-validates-as-required wpcf7-text wpcf7-validates-as-email\" aria-required=\"true\" aria-invalid=\"false\" value=\"\" type=\"email\" name=\"your-email\" \/><\/span>\n\t\t\t<\/p>\n\t\t<\/div>\n\t<\/div>\n\t<div class=\"row\">\n\t\t<div class=\"col-md-6\">\n\t\t\t<p><label>\u0647\u0627\u062a\u0641\u0643 *<\/label><span class=\"wpcf7-form-control-wrap\" data-name=\"your-phone\"><input size=\"40\" class=\"wpcf7-form-control wpcf7-text wpcf7-validates-as-required\" aria-required=\"true\" aria-invalid=\"false\" value=\"\" type=\"text\" name=\"your-phone\" \/><\/span>\n\t\t\t<\/p>\n\t\t<\/div>\n\t\t<div class=\"col-md-6\">\n\t\t\t<p><label>\u0643\u064a\u0641 \u064a\u0645\u0643\u0646\u0646\u0627 \u0645\u0633\u0627\u0639\u062f\u062a\u0643 *<\/label><span class=\"wpcf7-form-control-wrap\" data-name=\"HowCanWeHelpYou\"><select class=\"wpcf7-form-control wpcf7-select wpcf7-validates-as-required\" aria-required=\"true\" aria-invalid=\"false\" multiple=\"multiple\" name=\"HowCanWeHelpYou[]\"><option value=\"\">&#8212;Please choose an option&#8212;<\/option><option value=\"\u0627\u0644\u062a\u0648\u0644\u064a\u062f\">\u0627\u0644\u062a\u0648\u0644\u064a\u062f<\/option><option value=\"\u0631\u0639\u0627\u064a\u0629 \u0627\u0644\u062e\u0635\u0648\u0628\u0629\">\u0631\u0639\u0627\u064a\u0629 \u0627\u0644\u062e\u0635\u0648\u0628\u0629<\/option><option value=\"\u0639\u0644\u0627\u062c \u0623\u0637\u0641\u0627\u0644 \u0627\u0644\u0623\u0646\u0627\u0628\u064a\u0628\">\u0639\u0644\u0627\u062c \u0623\u0637\u0641\u0627\u0644 \u0627\u0644\u0623\u0646\u0627\u0628\u064a\u0628<\/option><option value=\"\u062a\u062c\u0645\u064a\u062f \u0627\u0644\u0628\u0648\u064a\u0636\u0627\u062a\">\u062a\u062c\u0645\u064a\u062f \u0627\u0644\u0628\u0648\u064a\u0636\u0627\u062a<\/option><option value=\"\u062c\u0645\u0627\u0644\u064a\u0627\u062a \u0627\u0644\u0623\u0639\u0636\u0627\u0621 \u0627\u0644\u062a\u0646\u0627\u0633\u0644\u064a\u0629\">\u062c\u0645\u0627\u0644\u064a\u0627\u062a \u0627\u0644\u0623\u0639\u0636\u0627\u0621 \u0627\u0644\u062a\u0646\u0627\u0633\u0644\u064a\u0629<\/option><option value=\"\u0627\u0644\u062c\u0631\u0627\u062d\u0629 \u0627\u0644\u0639\u0627\u0645\u0629\">\u0627\u0644\u062c\u0631\u0627\u062d\u0629 \u0627\u0644\u0639\u0627\u0645\u0629<\/option><\/select><\/span>\n\t\t\t<\/p>\n\t\t<\/div>\n\t<\/div>\n\t<div class=\"row\">\n\t\t<div class=\"col-md-4\">\n\t\t\t<p><label>\u0645\u062f\u064a\u0646\u0629*<\/label><span class=\"wpcf7-form-control-wrap\" data-name=\"your-sub\"><input size=\"40\" class=\"wpcf7-form-control wpcf7-text wpcf7-validates-as-required\" aria-required=\"true\" aria-invalid=\"false\" value=\"\" type=\"text\" name=\"your-sub\" \/><\/span>\n\t\t\t<\/p>\n\t\t<\/div>\n\t\t<div class=\"col-md-4\">\n\t\t\t<p><label>\u062f\u0648\u0644\u0629 *<\/label><span class=\"wpcf7-form-control-wrap\" data-name=\"your-sub\"><input size=\"40\" class=\"wpcf7-form-control wpcf7-text wpcf7-validates-as-required\" aria-required=\"true\" aria-invalid=\"false\" value=\"\" type=\"text\" name=\"your-sub\" \/><\/span>\n\t\t\t<\/p>\n\t\t<\/div>\n\t\t<div class=\"col-md-4\">\n\t\t\t<p><label>\u0627\u0644\u0631\u0642\u0645 \u0627\u0644\u062f\u0648\u0644\u064a *<\/label><span class=\"wpcf7-form-control-wrap\" data-name=\"your-sub\"><input size=\"40\" class=\"wpcf7-form-control wpcf7-text wpcf7-validates-as-required\" aria-required=\"true\" aria-invalid=\"false\" value=\"\" type=\"text\" name=\"your-sub\" \/><\/span>\n\t\t\t<\/p>\n\t\t<\/div>\n\t<\/div>\n\t<div class=\"row\">\n\t\t<div class=\"col-md-12\">\n\t\t\t<p><label>\u0631\u0633\u0627\u0644\u062a\u0643 *<\/label><span class=\"wpcf7-form-control-wrap\" data-name=\"message\"><textarea cols=\"20\" rows=\"6\" class=\"wpcf7-form-control wpcf7-textarea wpcf7-validates-as-required\" aria-required=\"true\" aria-invalid=\"false\" name=\"message\"><\/textarea><\/span>\n\t\t\t<\/p>\n\t\t<\/div>\n\t<\/div>\n\t<div class=\"row\">\n\t\t<div class=\"col-md-12\">\n\t\t\t<p>\u0627\u0644\u0628\u064a\u0627\u0646\u0627\u062a \u0627\u0644\u062e\u0627\u0635\u0629 \u0628\u0643 \u0622\u0645\u0646\u0629 \u0645\u0639\u0646\u0627*<br \/>\n\u0623\u0648\u0627\u0641\u0642 \u0639\u0644\u0649 \u0627\u0644\u0633\u0645\u0627\u062d \u0644\u0640 Gynist \u0628\u0627\u0644\u0627\u062a\u0635\u0627\u0644 \u0628\u064a \u0648\u0627\u0633\u062a\u062e\u062f\u0627\u0645 \u0645\u0639\u0644\u0648\u0645\u0627\u062a\u064a \u0641\u0642\u0637 \u0644\u0623\u063a\u0631\u0627\u0636 \u062a\u062c\u0627\u0631\u064a\u0629 \u060c \u0648\u0645\u0634\u0627\u0631\u0643\u0629 \u0645\u0639\u0644\u0648\u0645\u0627\u062a\u064a \u0645\u0639 \u062c\u0647\u0627\u062a \u062e\u0627\u0631\u062c\u064a\u0629.\n\t\t\t<\/p>\n\t\t<\/div>\n\t\t<p><span class=\"wpcf7-form-control-wrap\" data-name=\"safeinfo\"><span class=\"wpcf7-form-control wpcf7-acceptance\"><span class=\"wpcf7-list-item\"><label><input type=\"checkbox\" name=\"safeinfo\" value=\"1\" aria-invalid=\"false\" \/><span class=\"wpcf7-list-item-label\">\u0623\u0646\u0627 \u0645\u0648\u0627\u0641\u0642<\/span><\/label><\/span><\/span><\/span>\n\t\t<\/p>\n\t<\/div>\n\t<div class=\"row\">\n\t\t<div class=\"col-md-4\">\n\t\t\t<p><label>\u0643\u064a\u0641 \u0633\u0645\u0639\u062a \u0639\u0646\u0627\u061f<\/label><span class=\"wpcf7-form-control-wrap\" data-name=\"HowdYouHearAboutUs\"><select class=\"wpcf7-form-control wpcf7-select\" aria-invalid=\"false\" multiple=\"multiple\" name=\"HowdYouHearAboutUs[]\"><option value=\"\">&#8212;Please choose an option&#8212;<\/option><option value=\"Google\">Google<\/option><option value=\"Social Media\">Social Media<\/option><option value=\"Physician Referral\">Physician Referral<\/option><option value=\"Friend or Family Member\">Friend or Family Member<\/option><\/select><\/span>\n\t\t\t<\/p>\n\t\t<\/div>\n\t<\/div>\n\t<div class=\"\">\n\t\t<p><input class=\"wpcf7-form-control wpcf7-submit has-spinner tm-vc_general tm-vc_btn3 tm-vc_btn3-style-flat tm-vc_btn3-shape-square tm-vc_btn3-color-skincolor\" type=\"submit\" value=\"\u0625\u0631\u0633\u0627\u0644 \u0631\u0633\u0627\u0644\u0629\" \/>\n\t\t<div class=\"wpcf7-response-output\" aria-hidden=\"true\"><\/div>\n\t<\/div>\n<\/div>\n<\/form>\n<\/div>\n[\/vc_column_inner][\/vc_row_inner][\/vc_column][vc_column width=&#8221;1\/3&#8243;][vc_single_image image=&#8221;4454&#8243; img_size=&#8221;full&#8221; css=&#8221;.vc_custom_1609413976033{margin-bottom: 24px !important;}&#8221;]<h2 style=\"text-align:left;font-size:22px;line-height:30px;\" class=\"tm-custom-heading \" >Gynist IVF Clinic Istanbul<\/h2>\n[vc_separator color=&#8221;custom&#8221; accent_color=&#8221;#f2f2f2&#8243; css=&#8221;.vc_custom_1548131700378{margin-top: -4px !important;}&#8221;]<ul class=\"brivona_contact_widget_wrapper themetechmount_vc_contact_wrapper vc_custom_1640585373125\"><li class=\"themetechmount-contact-address  tm-brivona-icon-location-pin\">Vali Kona\u011f\u0131 Cd. Milas Apt.No: 129 K:5 D: 13 Ni\u015fanta\u015f\u0131 \/ ISTANBUL - TURKEY<\/li><li class=\"themetechmount-contact-email  tm-brivona-icon-mail\"><a href=\"mailto:info@gynistivfclinic.com\">info@gynistivfclinic.com<\/a><\/li><li class=\"themetechmount-contact-phonenumber tm-brivona-icon-mobile\">+90 533 141 86 41<\/li><li class=\"themetechmount-contact-website tm-brivona-icon-world\"><a href=\"http:\/\/www.gynistivfclinic.com\">http:\/\/www.gynistivfclinic.com<\/a><\/li><\/ul>[vc_single_image image=&#8221;3944&#8243; img_size=&#8221;full&#8221; onclick=&#8221;custom_link&#8221; img_link_target=&#8221;_blank&#8221; link=&#8221;https:\/\/www.google.com\/maps\/place\/Gynist+IVF+Clinic+-+IVF+treatment,+infertilite,+Egg+Freezing\/@41.0535196,28.9933366,15z\/data=!4m5!3m4!1s0x0:0x94bb587befd61778!8m2!3d41.053477!4d28.9934017&#8243;][\/vc_column][\/vc_row][vc_row tm_bgimagefixed=&#8221;&#8221; full_width=&#8221;stretch_row&#8221; content_placement=&#8221;middle&#8221; disable_element=&#8221;yes&#8221; css=&#8221;.vc_custom_1610002510850{margin-top: -50px !important;}&#8221;][vc_column][vc_gmaps link=&#8221;#E-8_JTNDaWZyYW1lJTIwc3JjJTNEJTIyaHR0cHMlM0ElMkYlMkZ3d3cuZ29vZ2xlLmNvbSUyRm1hcHMlMkZlbWJlZCUzRnBiJTNEJTIxMW0xOCUyMTFtMTIlMjExbTMlMjExZDMwMDguNjc5MzI3MjMwMzA3JTIxMmQyOC45OTE4OTM2MTU0OTU4MTIlMjEzZDQxLjA1NDE0MTE3OTI5NjEyJTIxMm0zJTIxMWYwJTIxMmYwJTIxM2YwJTIxM20yJTIxMWkxMDI0JTIxMmk3NjglMjE0ZjEzLjElMjEzbTMlMjExbTIlMjExczB4MCUyNTNBMHhhZTc0ZTU1MTBhM2MxM2IzJTIxMnNNaWxhcyUyNTIwQXB0LiUyMTVlMCUyMTNtMiUyMTFzdHIlMjEyc3RyJTIxNHYxNjA2NjA1NzAzNzY1JTIxNW0yJTIxMXN0ciUyMTJzdHIlMjIlMjB3aWR0aCUzRCUyMjE2MDAlMjIlMjBoZWlnaHQlM0QlMjI0NTAlMjIlMjBmcmFtZWJvcmRlciUzRCUyMjAlMjIlMjBzdHlsZSUzRCUyMmJvcmRlciUzQTAlM0IlMjIlMjBhbGxvd2Z1bGxzY3JlZW4lM0QlMjIlMjIlMjBhcmlhLWhpZGRlbiUzRCUyMmZhbHNlJTIyJTIwdGFiaW5kZXglM0QlMjIwJTIyJTNFJTNDJTJGaWZyYW1lJTNF&#8221;][\/vc_column][\/vc_row]<\/p>\n","protected":false},"excerpt":{"rendered":"<p>[vc_row tm_bgimagefixed=&#8221;&#8221; break_in_responsive=&#8221;991&#8243; css=&#8221;.vc_custom_1608622755794{margin-top: 7px !important;padding-top: 0px !important;}&#8221; tm_responsive_css=&#8221;70926455|colbreak_no|||||0 px||||colbreak_no|||||||50px||colbreak_no|-50px|||||||||colbreak_no|||||||||&#8221;][vc_column width=&#8221;2\/3&#8243; css=&#8221;.vc_custom_1548138798730{padding-right: 43px !important;}&#8221; tm_responsive_css=&#8221;94201578|colbreak_no|||||||||colbreak_no||||||15px|25px||colbreak_no||||||||||colbreak_no|||||||||&#8221;][vc_column_text]\u0646\u0642\u062f\u0645 \u0627\u0633\u062a\u0634\u0627\u0631\u0629 \u0645\u062c\u0627\u0646\u064a\u0629 \u0645\u0639 \u0637\u0628\u064a\u0628\u0646\u0627 \u0627\u0644\u0645\u062a\u062e\u0635\u0635 \u062d\u062a\u0649 \u062a\u062a\u0645\u0643\u0646 \u0645\u0646 \u0645\u0639\u0631\u0641\u0629 \u0627\u0644\u0645\u0632\u064a\u062f \u0639\u0646 \u0627\u0644\u062e\u062f\u0645\u0627\u062a \u0627\u0644\u062a\u064a \u0646\u0642\u062f\u0645\u0647\u0627 \u0648\u0643\u064a\u0641 \u064a\u0645\u0643\u0646\u0646\u0627 \u0645\u0633\u0627\u0639\u062f\u062a\u0643.[\/vc_column_text][vc_row_inner][vc_column_inner css=&#8221;.vc_custom_1548139361071{padding-top: 31px !important;}&#8221; tm_responsive_css=&#8221;54858443|colbreak_no|||||||||colbreak_no|||||||||colbreak_no|||||15px|||||colbreak_no|||||||||&#8221;][\/vc_column_inner][\/vc_row_inner][\/vc_column][vc_column width=&#8221;1\/3&#8243;][vc_single_image image=&#8221;4454&#8243; img_size=&#8221;full&#8221; css=&#8221;.vc_custom_1609413976033{margin-bottom: 24px !important;}&#8221;][vc_separator color=&#8221;custom&#8221; accent_color=&#8221;#f2f2f2&#8243; css=&#8221;.vc_custom_1548131700378{margin-top: -4px !important;}&#8221;][vc_single_image image=&#8221;3944&#8243; img_size=&#8221;full&#8221; onclick=&#8221;custom_link&#8221; img_link_target=&#8221;_blank&#8221; link=&#8221;https:\/\/www.google.com\/maps\/place\/Gynist+IVF+Clinic+-+IVF+treatment,+infertilite,+Egg+Freezing\/@41.0535196,28.9933366,15z\/data=!4m5!3m4!1s0x0:0x94bb587befd61778!8m2!3d41.053477!4d28.9934017&#8243;][\/vc_column][\/vc_row][vc_row tm_bgimagefixed=&#8221;&#8221; full_width=&#8221;stretch_row&#8221; content_placement=&#8221;middle&#8221; &hellip; <a href=\"https:\/\/www.gynistivfclinic.com\/ar\/%d8%a7%d8%aa%d8%b5%d9%84-%d8%a8%d9%86%d8%a7\/\" class=\"more-link\">Continue reading <span class=\"screen-reader-text\">\u0627\u062a\u0635\u0644 \u0628\u0646\u0627<\/span><\/a><\/p>\n","protected":false},"author":1,"featured_media":0,"parent":0,"menu_order":12,"comment_status":"closed","ping_status":"closed","template":"","meta":{"footnotes":""},"_links":{"self":[{"href":"https:\/\/www.gynistivfclinic.com\/ar\/wp-json\/wp\/v2\/pages\/4987"}],"collection":[{"href":"https:\/\/www.gynistivfclinic.com\/ar\/wp-json\/wp\/v2\/pages"}],"about":[{"href":"https:\/\/www.gynistivfclinic.com\/ar\/wp-json\/wp\/v2\/types\/page"}],"author":[{"embeddable":true,"href":"https:\/\/www.gynistivfclinic.com\/ar\/wp-json\/wp\/v2\/users\/1"}],"replies":[{"embeddable":true,"href":"https:\/\/www.gynistivfclinic.com\/ar\/wp-json\/wp\/v2\/comments?post=4987"}],"version-history":[{"count":0,"href":"https:\/\/www.gynistivfclinic.com\/ar\/wp-json\/wp\/v2\/pages\/4987\/revisions"}],"wp:attachment":[{"href":"https:\/\/www.gynistivfclinic.com\/ar\/wp-json\/wp\/v2\/media?parent=4987"}],"curies":[{"name":"wp","href":"https:\/\/api.w.org\/{rel}","templated":true}]}}